{"id":80,"date":"2014-10-20T19:21:16","date_gmt":"2014-10-20T19:21:16","guid":{"rendered":"http:\/\/velikorodnov.com\/dev\/candidate\/?page_id=80"},"modified":"2024-03-05T12:23:23","modified_gmt":"2024-03-05T10:23:23","slug":"about","status":"publish","type":"page","link":"https:\/\/www.tv-constantia.ch\/?page_id=80","title":{"rendered":"Geschichte"},"content":{"rendered":"<div class=\"wpb-content-wrapper\"><p>[vc_row][vc_column]<h3 class=\"no-margin-top \" >Die Gr\u00fcndung<\/h3>[vc_row_inner css=&#8220;.vc_custom_1414253149084{margin-top: -20px !important;}&#8220;][vc_column_inner width=&#8220;2\/3&#8243; css=&#8220;.vc_custom_1414253311076{margin-top: -14px !important;}&#8220;][vc_column_text]Der heutige Turnverein Constantia hat seine Wurzeln im\u00a0Borrom\u00e4um am Byfangweg. Das Borrom\u00e4um &#8222;h\u00e4ufig nur Borri&#8220; genannt war zu Beginn dieser Jahrhundert ein bedeutendes Zentrum der katholischen Jugendbewegung von ganz Grossbasel -West. Es war der Pfarrei St. Marien an der Holbeinstrasse angeschlossen und unterstellt. Zu jenen Zeiten gab es nur ein bescheidenes Angebot an Sportm\u00f6glichkeiten und Freizeitbesch\u00e4ftigungen. Um den Jungen aber trotzdem Gelegenheiten zu geselligem Beisammensein, zu Sport oder zur Weiterbildung zu bieten, bildete die Leitung des Borrom\u00e4ums Jugendgruppen mit den Schwerpunkten Theater, Musik, Gesang, Fechten, Sprachen und Stenographie. Zusammengefasst bildeten sie den &#8222;Katholischen Junglingsverein St. Marien&#8220;. Schon 1905(!) Wurde vom damaligen Leiter des Borrom\u00e4ums, Abb\u00e9 Joye, eine Turnergruppe gegr\u00fcndet, die den Namen Constantia erhielt. Wie alle anderen Gruppen blieb auch sie dem J\u00fcnglingsverein unterstellt. Weshalb der Name Constantia wurde, l\u00e4sst sich nicht mehr feststellen, aber m\u00f6glicherweise konnten Begriffe wie &#8222;Best\u00e4ndigkeit, Beharrlichkeit&#8220;, die mit &#8222;konstant&#8220; identisch sind, zur Namensgebung beigetragen haben.[\/vc_column_text][\/vc_column_inner][vc_column_inner width=&#8220;1\/3&#8243;][vc_single_image image=&#8220;1781&#8243; img_size=&#8220;&#8220;][vc_column_text]<span style=\"color: #193973;\"><strong>Weshalb der Name Constantia wurde, l\u00e4sst sich nicht mehr feststellen, aber m\u00f6glicherweise konnten Begriffe wie &#8222;Best\u00e4ndigkeit, Beharrlichkeit&#8220;, die mit &#8222;konstant&#8220; identisch sind, zur Namensgebung beigetragen haben.<\/strong> <\/span>[\/vc_column_text][\/vc_column_inner][\/vc_row_inner][\/vc_column][\/vc_row][vc_row css=&#8220;.vc_custom_1414253649693{margin-top: -30px !important;}&#8220;][vc_column][vc_column_text]Anfangs der 20er Jahre wollten vor allem die \u00e4lteren Turner selbstst\u00e4ndig handeln und entscheiden k\u00f6nnen, und nicht mehr Mitglieder einer Untersektion des J\u00fcnglingsverein sein. Um aber nicht in konfessionell neutrale Turnvereine \u00fcbertreten zu m\u00fcssen, trennten sich 1922 dreizehn Turner vom Borrom\u00e4um und gr\u00fcndeten den &#8222;Katholischen Turnverein Gross-Basel&#8220;. Dieser hielt seine Turnstunden in der Rittergass- Turnhalle ab. Mit den gleichen Argumentenl\u00f6ste sich 1924 der Rest der Turngruppe vom J\u00fcnglingsverein, ging aber nicht zum KTV Gross-Basel, sondern gr\u00fcndete den &#8222;Katholischen Turnverein St. Marien&#8220;. Aus der einstigen Constantia- Turnergruppe sind somit zwei unabh\u00e4ngige Turnvereine entstanden, die aber nach wie vor der Marien-Pfarrei angeh\u00f6rten. Bald nach der Gr\u00fcndung des KTV St. Marien setzten sich Ehrenmitglied Alfons Nussbaumer senior daf\u00fcr ein, die beiden Vereine wieder zusammenzubringen. Es wurde allgemein als sinnlos betrachtet, innerhalb der gleichen Pfarrei zwei Turnvereine wirken zu lassen.<br \/>\nZudem sprachen auch finanzielle Ueberlegungen f\u00fcr eine Zusammenlegung. Am 21. September 1925 fand eine ausserordentliche Generalversammlung der beiden Vereine statt. Sie wurden von 33 Mitgliedern des KTV Gross-Basel besucht. e Auffassung \u00fcber die Gestaltung und den Namen des neu zu gr\u00fcndenden Vereins gingen weit auseinander. Nach ausgiebig gef\u00fchrten Diskusionen stimmte die grosse Mehrheit dem Zusammenschluss zu, bestand aber auf den Namen &#8222;KTV St. Marien&#8220;. Mit diesem Zusammenschluss hatten wechselvolle und bewegte Vorgeschichte ihren guten Abschluss gefunden. Sie bildet den Ursprung unseres heutigen Vereins![\/vc_column_text]<h3 class=\"no-margin-top \" >Die Jahre von 1925 bis 1935<\/h3>[vc_column_text]<a href=\"http:\/\/www.tv-constantia.ch\/wp-content\/uploads\/turnfest_lugano_1927.png\">D<\/a><a href=\"http:\/\/www.tv-constantia.ch\/wp-content\/uploads\/turnfest_lugano_1927.png\"><img loading=\"lazy\" decoding=\"async\" class=\"alignleft wp-image-1782 size-medium\" src=\"http:\/\/www.tv-constantia.ch\/wp-content\/uploads\/turnfest_lugano_1927-300x206.png\" alt=\"\" width=\"300\" height=\"206\" srcset=\"https:\/\/www.tv-constantia.ch\/wp-content\/uploads\/turnfest_lugano_1927-300x206.png 300w, https:\/\/www.tv-constantia.ch\/wp-content\/uploads\/turnfest_lugano_1927.png 576w\" sizes=\"auto, (max-width: 300px) 100vw, 300px\" \/><\/a>ie ersten zehn Jahre waren wohl die entscheidensten in der ganzen Verreinsgeschichte. W\u00e4hrend dieser Epoche wurden wichtige Entschl\u00fcsse gefasst wie: Namens\u00e4nderung, Fahnenweihe, die Gr\u00fcndung der Damen- und M\u00e4nnerriege, Austritt aus dem Katholischen Turnverband und Eintritt in den neutralen Kantonalturnverband Basel-Stadt. Mit diesen Entscheiden wurde die Struktur des Vereins wesentlich ge\u00e4ndert. Namen\u00e4nderung 1927 Keine zwei Jahre waren seit der Vereinsgr\u00fcndung vergangen, als der Wunsch vorgebracht wurde, den Namen &#8222;Constantia&#8220; aus der fr\u00fcheren Borri-Turnergruppe wieder zu \u00fcbernehmen, und dies aus folgenden Grund: 1925 wurde mit dem Bau der Antoniuskirche begonnen. Dadurch war eine neue Pfarrgemeinde im enstehen begriffen. Der Gedanke lag nahe, im westen der Stadt nur einen einzigen katholischen Turnverein wirken zu lassen. Auf diese Weise h\u00e4tte auch eine Zersplitterung der katholischen Turnerschaft vermieden werden k\u00f6nnen und es w\u00e4re beiden Pfarreien, St. Marien und St. Anton gedient gewesen. Die Geistlichkeit war damals mit diesem Vorschlag einverstanden. Dass dieser einer Turnverein aber nicht St. Marien oder St. Anton heissen konnte, sondern einen neutralen Namen tragen m\u00fcsse, lag auf der Hand.[\/vc_column_text][vc_column_text]<a href=\"http:\/\/www.tv-constantia.ch\/wp-content\/uploads\/fahnenweihe_1928.png\"><img loading=\"lazy\" decoding=\"async\" class=\"alignright wp-image-1779 size-medium\" src=\"http:\/\/www.tv-constantia.ch\/wp-content\/uploads\/fahnenweihe_1928-300x187.png\" alt=\"\" width=\"300\" height=\"187\" srcset=\"https:\/\/www.tv-constantia.ch\/wp-content\/uploads\/fahnenweihe_1928-300x187.png 300w, https:\/\/www.tv-constantia.ch\/wp-content\/uploads\/fahnenweihe_1928-600x375.png 600w, https:\/\/www.tv-constantia.ch\/wp-content\/uploads\/fahnenweihe_1928.png 800w\" sizes=\"auto, (max-width: 300px) 100vw, 300px\" \/><\/a>An der ausserordentlichen Generalversammlung vom 24.6.1927 wurde wieder einmal die Namen\u00e4nderung behandelt! Verschiedene Mitglieder wollten nur den Namen &#8222;Constantia&#8220; (Also ohne das &#8222;katholisch&#8220; davor), andere votierten f\u00fcr &#8222;Grossbasel West&#8220; oder &#8222;Spalen&#8220;. Schlussendlich einigte sich die Versammlung auf den Namen &#8222;katholischer Turnverein Constatia&#8220;, dieser trat am 1.7.1927 in Kraft.[\/vc_column_text][\/vc_column][vc_column][\/vc_column][\/vc_row]<\/p>\n<\/div>","protected":false},"excerpt":{"rendered":"<p>[vc_row][vc_column][vc_row_inner css=&#8220;.vc_custom_1414253149084{margin-top: -20px !important;}&#8220;][vc_column_inner width=&#8220;2\/3&#8243; css=&#8220;.vc_custom_1414253311076{margin-top: -14px !important;}&#8220;][vc_column_text]Der heutige Turnverein Constantia hat seine Wurzeln im\u00a0Borrom\u00e4um am Byfangweg. Das Borrom\u00e4um &#8222;h\u00e4ufig nur Borri&#8220; genannt war zu Beginn dieser Jahrhundert ein bedeutendes Zentrum der katholischen Jugendbewegung von ganz Grossbasel -West. Es war der Pfarrei St. Marien an der Holbeinstrasse angeschlossen und unterstellt. Zu jenen Zeiten gab es nur ein bescheidenes Angebot an Sportm\u00f6glichkeiten und Freizeitbesch\u00e4ftigungen. Um den Jungen aber trotzdem Gelegenheiten zu geselligem Beisammensein, zu Sport oder zur Weiterbildung zu bieten, bildete die Leitung des Borrom\u00e4ums Jugendgruppen mit den Schwerpunkten Theater, Musik, Gesang, Fechten, Sprachen und Stenographie. Zusammengefasst bildeten sie den &#8222;Katholischen&#8230;<\/p>\n","protected":false},"author":9845,"featured_media":0,"parent":0,"menu_order":0,"comment_status":"closed","ping_status":"closed","template":"","meta":{"footnotes":""},"class_list":["post-80","page","type-page","status-publish","hentry"],"_links":{"self":[{"href":"https:\/\/www.tv-constantia.ch\/index.php?rest_route=\/wp\/v2\/pages\/80","targetHints":{"allow":["GET"]}}],"collection":[{"href":"https:\/\/www.tv-constantia.ch\/index.php?rest_route=\/wp\/v2\/pages"}],"about":[{"href":"https:\/\/www.tv-constantia.ch\/index.php?rest_route=\/wp\/v2\/types\/page"}],"author":[{"embeddable":true,"href":"https:\/\/www.tv-constantia.ch\/index.php?rest_route=\/wp\/v2\/users\/9845"}],"replies":[{"embeddable":true,"href":"https:\/\/www.tv-constantia.ch\/index.php?rest_route=%2Fwp%2Fv2%2Fcomments&post=80"}],"version-history":[{"count":21,"href":"https:\/\/www.tv-constantia.ch\/index.php?rest_route=\/wp\/v2\/pages\/80\/revisions"}],"predecessor-version":[{"id":4147,"href":"https:\/\/www.tv-constantia.ch\/index.php?rest_route=\/wp\/v2\/pages\/80\/revisions\/4147"}],"wp:attachment":[{"href":"https:\/\/www.tv-constantia.ch\/index.php?rest_route=%2Fwp%2Fv2%2Fmedia&parent=80"}],"curies":[{"name":"wp","href":"https:\/\/api.w.org\/{rel}","templated":true}]}}