{"id":204,"date":"2014-10-21T21:10:24","date_gmt":"2014-10-21T21:10:24","guid":{"rendered":"http:\/\/velikorodnov.com\/dev\/candidate\/?page_id=204"},"modified":"2025-02-03T17:35:38","modified_gmt":"2025-02-03T15:35:38","slug":"home-v1","status":"publish","type":"page","link":"https:\/\/www.tv-constantia.ch\/","title":{"rendered":"Home"},"content":{"rendered":"<div class=\"wpb-content-wrapper\"><p>[vc_row el_class=&#8220;full-width-bg&#8220; bg_color=&#8220;#ffffff&#8220;][vc_column width=&#8220;2\/3&#8243; css=&#8220;.vc_custom_1738596788541{margin-top: 0px !important;border-top-width: 0px !important;padding-top: -50px !important;background-color: #ffffff !important;}&#8220;][vc_single_image image=&#8220;4413&#8243; img_size=&#8220;full&#8220; css=&#8220;.vc_custom_1738596849571{margin-top: -100px !important;margin-bottom: -150px !important;margin-left: -150px !important;border-top-width: 0px !important;border-bottom-width: -150px !important;border-left-width: -50px !important;padding-top: 0px !important;padding-bottom: -150px !important;padding-left: -50px !important;}&#8220;][vc_column_text css=&#8220;.vc_custom_1738596937106{margin-top: 0px !important;margin-bottom: 0px !important;border-top-width: 0px !important;border-bottom-width: 0px !important;padding-top: 0px !important;padding-bottom: 100px !important;}&#8220;]<\/p>\n<h1>100 Jahre TVC. Save the Date!<br \/>\nGalaabend am Samstag 20. September 2025<\/h1>\n<p class=\"p1\">Reserviert euch bereits dieses Datum! Infos folgen\u2026<\/p>\n<p>[\/vc_column_text][vc_column_text]<\/p>\n<h1>Turnverein Constantia Basel \u2013 wo die Vielfalt den Ton angibt!<\/h1>\n<p class=\"p1\">Wir sind ein dynamischer Verein, der Fitness, Spiel und Gemeinschaft in den Mittelpunkt stellt. Mit unserem abwechslungsreichen Programm m\u00f6chten wir dich nicht nur k\u00f6rperlich herausfordern, sondern auch Spass und Freude am Sport vermitteln.<\/p>\n<p class=\"p1\">Im Fokus stehen bei uns konditionelles und koordinatives Training durch Circuittraining, Gymnastik und spannende Spiele in den grossen Spielsportarten. Dabei legen wir grossen Wert auf deine individuelle F\u00f6rderung und erm\u00f6glichen dir auch die Teilnahme an kantonalen und Vereins-Wettk\u00e4mpfen in ganz Basel.<\/p>\n<p class=\"p1\">Aber bei uns dreht sich nicht nur alles um den sportlichen Aspekt. Wir legen ebenso viel Wert auf gesellige Aktivit\u00e4ten, die den Zusammenhalt und die Freundschaft unter unseren Mitgliedern st\u00e4rken. Ob beim gemeinsamen Skiweekend, dem j\u00e4hrlichen Eishockeymatch oder dem traditionellen Waldlauf \u2013 wir kommen auch ausserhalb des Trainings zusammen, um uns auszutauschen und die Gemeinschaft zu feiern.<\/p>\n<p class=\"p1\">Unser Trainingsort befindet sich in der modernen Turnhalle am Bahndamm beim St. Gallerring, wo wir optimale Bedingungen f\u00fcr unsere Trainings und Veranstaltungen haben.<\/p>\n<p class=\"p1\">Werde auch du Teil unserer dynamischen Gemeinschaft und erlebe die Faszination des Sports beim Turnverein Constantia Basel! Gemeinsam m\u00f6chten wir mit dir neue sportliche Herausforderungen meistern und bei Veranstaltungen in der Region unsere Leidenschaft f\u00fcr den Sport zeigen. Wir bieten eine famili\u00e4re Atmosph\u00e4re, in der sich jeder wohl f\u00fchlen kann und gemeinsam das Beste aus sich herausholen kann. Wenn du auf der Suche nach einem Verein bist, bei dem Teamgeist grossgeschrieben wird und Spass an erster Stelle steht, dann bist du beim Turnverein Constantia genau richtig! Besuche uns doch einfach mal zum Schnuppertraining \u2013 wir freuen uns darauf, dich kennenzulernen!<\/p>\n<p>[\/vc_column_text][\/vc_column][vc_column width=&#8220;1\/3&#8243;][vc_empty_space][vc_tta_accordion active_section=&#8220;1&#8243; title=&#8220;Trainingszeiten&#8220;][vc_tta_section title=&#8220;Jugendriege gemischt (7\u201314 Jahre)&#8220; tab_id=&#8220;1693924464700-1a480186-b52b&#8220;][vc_column_text]<strong>Zeit:<\/strong> Freitag 18.00 \u2013 19.30 Uhr; ganzj\u00e4hrig<br \/>\n<strong>Ort:<\/strong> Turnhalle Gotthelf Schulhaus (am Bahndamm)[\/vc_column_text][\/vc_tta_section][vc_tta_section title=&#8220;Junioren gemischt (14\u201320 Jahre)&#8220; tab_id=&#8220;1693924464706-65147740-fafb&#8220;][vc_column_text css=&#8220;&#8220;]<strong>Zeit:<\/strong> Freitag 19.45 \u2013 21.15 Uhr; ganzj\u00e4hrig<br \/>\n<strong>Ort:<\/strong> Turnhalle Gotthelf Schulhaus (am Bahndamm)[\/vc_column_text][\/vc_tta_section][vc_tta_section title=&#8220;Aktive gemischt (20\u201360 Jahre)&#8220; tab_id=&#8220;1693924591609-f1fb802a-14b4&#8243;][vc_column_text]<strong>Zeit:<\/strong> Dienstag, 20.00 \u2013 21.45 Uhr; ganzj\u00e4hrig<br \/>\n<strong>Ort:<\/strong> Turnhalle Gotthelf Schulhaus (am Bahndamm)[\/vc_column_text][\/vc_tta_section][vc_tta_section title=&#8220;M\u00e4nner gemischt (61\u2013199 Jahre)&#8220; tab_id=&#8220;1693924637891-5db970ee-740f&#8220;][vc_column_text css=&#8220;&#8220;]<strong>Zeit:<\/strong> Dienstag, 18.15 \u2013 19.45 Uhr; ganzj\u00e4hrig<br \/>\n<strong>Ort:<\/strong> Turnhalle Gotthelf Schulhaus (alte Turnhalle)[\/vc_column_text][\/vc_tta_section][\/vc_tta_accordion][\/vc_column][\/vc_row][vc_row][vc_column][vc_separator color=&#8220;custom&#8220; accent_color=&#8220;#8782bd&#8220;][\/vc_column][\/vc_row][vc_row][vc_column width=&#8220;2\/3&#8243;][vc_basic_grid post_type=&#8220;post&#8220; max_items=&#8220;3&#8243; grid_id=&#8220;vc_gid:1738596920534-fb9777b5-9e65-0&#8243;][\/vc_column][vc_column width=&#8220;1\/3&#8243;]<div class=\"sidebar-box white style1 \"><h2 class='box-title'>Veranstaltungen<\/h2><ul class=\"upcoming-events\"><li>No events<\/li><\/ul><a href=\"https:\/\/www.tv-constantia.ch\/?post_type=tribe_events\" target=\"\"  class=\"button transparent button-arrow\">Mehr Events<\/a><\/div><!-- \/Upcoming Events -->[\/vc_column][\/vc_row][vc_row][vc_column][vc_separator color=&#8220;custom&#8220; accent_color=&#8220;#8782bd&#8220;][\/vc_column][\/vc_row][vc_row][vc_column][vc_masonry_media_grid grid_id=&#8220;vc_gid:1738596920535-4eafb711-a4f5-4&#8243;][\/vc_column][\/vc_row]<\/p>\n<\/div>","protected":false},"excerpt":{"rendered":"<p>[vc_row el_class=&#8220;full-width-bg&#8220; bg_color=&#8220;#ffffff&#8220;][vc_column width=&#8220;2\/3&#8243; css=&#8220;.vc_custom_1738596788541{margin-top: 0px !important;border-top-width: 0px !important;padding-top: -50px !important;background-color: #ffffff !important;}&#8220;][vc_single_image image=&#8220;4413&#8243; img_size=&#8220;full&#8220; css=&#8220;.vc_custom_1738596849571{margin-top: -100px !important;margin-bottom: -150px !important;margin-left: -150px !important;border-top-width: 0px !important;border-bottom-width: -150px !important;border-left-width: -50px !important;padding-top: 0px !important;padding-bottom: -150px !important;padding-left: -50px !important;}&#8220;][vc_column_text css=&#8220;.vc_custom_1738596937106{margin-top: 0px !important;margin-bottom: 0px !important;border-top-width: 0px !important;border-bottom-width: 0px !important;padding-top: 0px !important;padding-bottom: 100px !important;}&#8220;] 100 Jahre TVC. Save the Date! Galaabend am Samstag 20. September 2025 Reserviert euch bereits dieses Datum! Infos folgen\u2026 [\/vc_column_text][vc_column_text] Turnverein Constantia Basel \u2013 wo die Vielfalt den Ton angibt! Wir sind ein dynamischer Verein, der Fitness, Spiel und Gemeinschaft in den Mittelpunkt stellt. Mit unserem abwechslungsreichen Programm m\u00f6chten wir dich nicht nur&#8230;<\/p>\n","protected":false},"author":9845,"featured_media":0,"parent":0,"menu_order":0,"comment_status":"closed","ping_status":"closed","template":"page_home.php","meta":{"footnotes":""},"class_list":["post-204","page","type-page","status-publish","hentry"],"_links":{"self":[{"href":"https:\/\/www.tv-constantia.ch\/index.php?rest_route=\/wp\/v2\/pages\/204","targetHints":{"allow":["GET"]}}],"collection":[{"href":"https:\/\/www.tv-constantia.ch\/index.php?rest_route=\/wp\/v2\/pages"}],"about":[{"href":"https:\/\/www.tv-constantia.ch\/index.php?rest_route=\/wp\/v2\/types\/page"}],"author":[{"embeddable":true,"href":"https:\/\/www.tv-constantia.ch\/index.php?rest_route=\/wp\/v2\/users\/9845"}],"replies":[{"embeddable":true,"href":"https:\/\/www.tv-constantia.ch\/index.php?rest_route=%2Fwp%2Fv2%2Fcomments&post=204"}],"version-history":[{"count":46,"href":"https:\/\/www.tv-constantia.ch\/index.php?rest_route=\/wp\/v2\/pages\/204\/revisions"}],"predecessor-version":[{"id":4430,"href":"https:\/\/www.tv-constantia.ch\/index.php?rest_route=\/wp\/v2\/pages\/204\/revisions\/4430"}],"wp:attachment":[{"href":"https:\/\/www.tv-constantia.ch\/index.php?rest_route=%2Fwp%2Fv2%2Fmedia&parent=204"}],"curies":[{"name":"wp","href":"https:\/\/api.w.org\/{rel}","templated":true}]}}